{"id":17,"date":"2025-08-18T13:48:59","date_gmt":"2025-08-18T11:48:59","guid":{"rendered":"http:\/\/localhost:8045\/stage26\/wordpress\/impressum\/"},"modified":"2025-09-07T16:23:34","modified_gmt":"2025-09-07T14:23:34","slug":"impressum","status":"publish","type":"page","link":"https:\/\/stage26.at\/en\/impressum\/","title":{"rendered":"Imprint"},"content":{"rendered":"<div data-elementor-type=\"wp-page\" data-elementor-id=\"17\" class=\"elementor elementor-17\">\n\t\t\t\t<div class=\"elementor-element elementor-element-659013db e-flex e-con-boxed e-con e-parent\" data-id=\"659013db\" data-element_type=\"container\">\n\t\t\t\t\t<div class=\"e-con-inner\">\n\t\t\t\t<div class=\"elementor-element elementor-element-b85b58f elementor-widget elementor-widget-heading\" data-id=\"b85b58f\" data-element_type=\"widget\" data-widget_type=\"heading.default\">\n\t\t\t\t\t<h2 class=\"elementor-heading-title elementor-size-default\">STAGE 26 GmbH\n<\/h2>\t\t\t\t<\/div>\n\t\t\t\t<div class=\"elementor-element elementor-element-ddc2313 elementor-widget elementor-widget-text-editor\" data-id=\"ddc2313\" data-element_type=\"widget\" data-widget_type=\"text-editor.default\">\n\t\t\t\t\t\t\t\t\t<p>Kaiser-Ebersdorfer Stra\u00dfe 88\/5\/6<br \/>1110 Wien<br \/>\u00d6sterreich<\/p>\t\t\t\t\t\t\t\t<\/div>\n\t\t\t\t<div class=\"elementor-element elementor-element-8b2c332 elementor-widget-divider--view-line elementor-widget elementor-widget-divider\" data-id=\"8b2c332\" data-element_type=\"widget\" data-widget_type=\"divider.default\">\n\t\t\t\t\t\t\t<div class=\"elementor-divider\">\n\t\t\t<span class=\"elementor-divider-separator\">\n\t\t\t\t\t\t<\/span>\n\t\t<\/div>\n\t\t\t\t\t\t<\/div>\n\t\t\t\t<div class=\"elementor-element elementor-element-72445a04 elementor-widget elementor-widget-text-editor\" data-id=\"72445a04\" data-element_type=\"widget\" data-widget_type=\"text-editor.default\">\n\t\t\t\t\t\t\t\t\t<p data-start=\"391\" data-end=\"481\"><strong data-start=\"391\" data-end=\"403\">Telefon:<\/strong> +436607955959<br data-start=\"420\" data-end=\"423\" \/><strong data-start=\"423\" data-end=\"434\">E-Mail:<\/strong> office@stage26.at<\/p><p data-start=\"483\" data-end=\"595\"><strong data-start=\"483\" data-end=\"504\">Firmenbuchnummer:<\/strong> FN 634190 h<br data-start=\"516\" data-end=\"519\" \/><strong data-start=\"519\" data-end=\"541\">Firmenbuchgericht:<\/strong> Handelsgericht Wien\u00a0<\/p><p data-start=\"597\" data-end=\"692\"><strong data-start=\"597\" data-end=\"612\">Rechtsform:<\/strong> Gesellschaft mit beschr\u00e4nkter Haftung (GmbH)<br data-start=\"657\" data-end=\"660\" \/><strong data-start=\"660\" data-end=\"679\">Gr\u00fcndungsdatum:<\/strong> 13.08.2024<\/p><p data-start=\"694\" data-end=\"762\"><strong data-start=\"694\" data-end=\"714\">Gesch\u00e4ftsf\u00fchrer:<\/strong><br data-start=\"714\" data-end=\"717\" \/>Gerald Stanek (alleinvertretungsberechtigt)<\/p><p data-start=\"764\" data-end=\"809\"><strong data-start=\"764\" data-end=\"783\">Gesellschafter:<\/strong><br data-start=\"783\" data-end=\"786\" \/>Gerald Stanek (100 %)<\/p><p data-start=\"811\" data-end=\"877\"><strong data-start=\"811\" data-end=\"829\">Beteiligungen:<\/strong><br data-start=\"829\" data-end=\"832\" \/>STAGE 26 GmbH h\u00e4lt 10 % an der Anexum GmbH.<\/p><p data-start=\"879\" data-end=\"908\"><strong data-start=\"879\" data-end=\"906\">Unternehmensgegenstand:<\/strong><\/p><ul data-start=\"909\" data-end=\"1182\"><li data-start=\"909\" data-end=\"983\"><p data-start=\"911\" data-end=\"983\">Einkauf und Verkauf von Hard- und Software sowie zugeh\u00f6rigen Produkten<\/p><\/li><li data-start=\"984\" data-end=\"1082\"><p data-start=\"986\" data-end=\"1082\">Vermittlung oder Abschluss von Warenhandelsgesch\u00e4ften in fremdem Namen und f\u00fcr fremde Rechnung<\/p><\/li><li data-start=\"1083\" data-end=\"1130\"><p data-start=\"1085\" data-end=\"1130\">Erbringung administrativer Dienstleistungen<\/p><\/li><li data-start=\"1131\" data-end=\"1182\"><p data-start=\"1133\" data-end=\"1182\">Beratung in Speditions- und Zollangelegenheiten<\/p><\/li><\/ul><p data-start=\"1184\" data-end=\"1426\"><strong data-start=\"1184\" data-end=\"1233\">Zust\u00e4ndige Aufsichtsbeh\u00f6rde \/ Gewerbebeh\u00f6rde:<\/strong> Magistratisches Bezirksamt Wien<br data-start=\"1265\" data-end=\"1268\" \/><strong data-start=\"1268\" data-end=\"1285\">Mitglied bei:<\/strong> Wirtschaftskammer Wien<br data-start=\"1308\" data-end=\"1311\" \/><strong data-start=\"1311\" data-end=\"1345\">Anwendbare Rechtsvorschriften:<\/strong> Gewerbeordnung (abrufbar unter <a class=\"decorated-link cursor-pointer\" target=\"_new\" rel=\"noopener\" data-start=\"1377\" data-end=\"1423\">www.ris.bka.gv.at<\/a>)<\/p>\t\t\t\t\t\t\t\t<\/div>\n\t\t\t\t\t<\/div>\n\t\t\t\t<\/div>\n\t\t\t\t<\/div>","protected":false},"excerpt":{"rendered":"<p>STAGE 26 GmbH Kaiser-Ebersdorfer Stra\u00dfe 88\/5\/61110 Wien\u00d6sterreich Telefon: +436607955959E-Mail: office@stage26.at Firmenbuchnummer: FN 634190 hFirmenbuchgericht: Handelsgericht Wien\u00a0 Rechtsform: Gesellschaft mit beschr\u00e4nkter Haftung (GmbH)Gr\u00fcndungsdatum: 13.08.2024 Gesch\u00e4ftsf\u00fchrer:Gerald Stanek (alleinvertretungsberechtigt) Gesellschafter:Gerald Stanek (100 %) Beteiligungen:STAGE 26 GmbH h\u00e4lt 10 % an der Anexum GmbH. Unternehmensgegenstand: Einkauf und Verkauf von Hard- und Software sowie zugeh\u00f6rigen Produkten Vermittlung oder Abschluss von [&hellip;]<\/p>","protected":false},"author":1,"featured_media":0,"parent":0,"menu_order":0,"comment_status":"closed","ping_status":"closed","template":"","meta":{"footnotes":""},"class_list":["post-17","page","type-page","status-publish","hentry"],"blocksy_meta":[],"_links":{"self":[{"href":"https:\/\/stage26.at\/en\/wp-json\/wp\/v2\/pages\/17","targetHints":{"allow":["GET"]}}],"collection":[{"href":"https:\/\/stage26.at\/en\/wp-json\/wp\/v2\/pages"}],"about":[{"href":"https:\/\/stage26.at\/en\/wp-json\/wp\/v2\/types\/page"}],"author":[{"embeddable":true,"href":"https:\/\/stage26.at\/en\/wp-json\/wp\/v2\/users\/1"}],"replies":[{"embeddable":true,"href":"https:\/\/stage26.at\/en\/wp-json\/wp\/v2\/comments?post=17"}],"version-history":[{"count":5,"href":"https:\/\/stage26.at\/en\/wp-json\/wp\/v2\/pages\/17\/revisions"}],"predecessor-version":[{"id":500,"href":"https:\/\/stage26.at\/en\/wp-json\/wp\/v2\/pages\/17\/revisions\/500"}],"wp:attachment":[{"href":"https:\/\/stage26.at\/en\/wp-json\/wp\/v2\/media?parent=17"}],"curies":[{"name":"wp","href":"https:\/\/api.w.org\/{rel}","templated":true}]}}